{"id":5744,"date":"2024-07-10T14:28:53","date_gmt":"2024-07-10T07:28:53","guid":{"rendered":"https:\/\/tuyendung-daotao.galaxystudio.vn\/?page_id=5744"},"modified":"2025-11-04T15:42:59","modified_gmt":"2025-11-04T08:42:59","slug":"contact-us","status":"publish","type":"page","link":"https:\/\/tuyendung-daotao.galaxystudio.vn\/en\/contact-us\/","title":{"rendered":"Contact Us"},"content":{"rendered":"<section class=\"wpb-content-wrapper\"><div class=\"vc_row wpb_row vc_row-fluid vc_custom_1713338575689\"><div class=\"container\"><div class=\"row\"><div class=\"wpb_column vc_column_container vc_col-sm-12\"><div class=\"vc_column-inner\"><div class=\"wpb_wrapper\">\n\t<div class=\"wpb_text_column wpb_content_element\" >\n\t\t<div class=\"wpb_wrapper\">\n\t\t\t<h4><strong>Email: tuyendung@galaxystudio.vn<\/strong><\/h4>\n<h4><strong>S\u1ed1 \u0111i\u1ec7n tho\u1ea1i C\u00f4ng Ty : 028.3933.3303<\/strong><\/h4>\n<h4><strong>_ V\u0103n ph\u00f2ng H\u1ed3 Ch\u00ed Minh: <\/strong>3\/9 \u0110\u01b0\u1eddng V\u00f5 V\u0103n T\u1ea7n, P. Xu\u00e2n H\u00f2a, TP. H\u1ed3 Ch\u00ed Minh.<\/h4>\n<h4><strong>_ V\u0103n ph\u00f2ng H\u00e0 N\u1ed9i: <\/strong>L\u1ea7u\u00a05, s\u1ed1 23 ph\u1ed1 Phan Chu Trinh, Ph\u01b0\u1eddng C\u1eeda Nam, H\u00e0 N\u1ed9i.<\/h4>\n<h4><strong>_ H\u1ec7 th\u1ed1ng c\u00e1c r\u1ea1p:\u00a0<\/strong><\/h4>\n<h4><strong>+ Khu v\u1ef1c H\u1ed3 Ch\u00ed Minh:\u00a0<\/strong><\/h4>\n<h5 style=\"text-align: left;\">1.\u202fGalaxy Nguy\u1ec5n Du &#8211; 116 Nguy\u1ec5n Du, P. B\u1ebfn Th\u00e0nh, TP.HCM;<\/h5>\n<h5>2.\u202fGalaxy T\u00e2n B\u00ecnh\u202f- 246 Nguy\u1ec5n H\u1ed3ng \u0110\u00e0o, P.T\u00e2n B\u00ecnh, TP.HCM;<\/h5>\n<h5>3.\u202fGalaxy Kinh D\u01b0\u01a1ng V\u01b0\u01a1ng\u202f- 718 Bis Kinh D\u01b0\u01a1ng V\u01b0\u01a1ng, P. Ph\u00fa L\u00e2m, TP.HCM;<\/h5>\n<h5>4.\u202fGalaxy Quang Trung\u202f- L\u1ea7u 3,TTTM Co.opmart Quang Trung &#8211; 304A Quang Trung, P. Th\u00f4ng T\u00e2y H\u1ed9i, TP.HCM;<\/h5>\n<h5>5.\u202fGalaxy Trung Ch\u00e1nh\u202f- TTVH Qu\u1eadn 12 &#8211; S\u1ed1 09, Qu\u1ed1c L\u1ed9 22, P. Trung M\u1ef9 T\u00e2y, TP.HCM;<\/h5>\n<h5>6.\u202fGalaxy Hu\u1ef3nh T\u1ea5n Ph\u00e1t\u202f- L\u1ea7u 2, TTTM Co.opmart Hu\u1ef3nh T\u1ea5n Ph\u00e1t &#8211; 1362 Hu\u1ef3nh T\u1ea5n Ph\u00e1t, P. T\u00e2n M\u1ef9, TP. HCM;<\/h5>\n<h5>7.\u202fGalaxy Nguy\u1ec5n V\u0103n Qu\u00e1\u202f-\u202f 119B Nguy\u1ec5n V\u0103n Qu\u00e1, P. \u0110\u00f4ng H\u01b0ng Thu\u1eadn, TP. HCM;<\/h5>\n<h5>8.\u202fGalaxy Linh Trung\u202f- TTTM Co.opXtra Linh Trung &#8211; 934 Qu\u1ed1c L\u1ed9 1A, P. Linh Xu\u00e2n, TP.HCM;<\/h5>\n<h5>9.\u202fGalaxy Tr\u01b0\u1eddng Chinh\u202f- L\u1ea7u 3, TTTM Co.opmart Th\u1eafng L\u1ee3i &#8211; S\u1ed1 02 Tr\u01b0\u1eddng Chinh, P. T\u00e2y Th\u1ea1nh, TP.HCM;<\/h5>\n<h5>10.\u202fGalaxy Sala &#8211; L\u1ea7u 3, TTTM Thiso Mall Sala &#8211; S\u1ed1 10 \u0110\u01b0\u1eddng Mai Ch\u00ed Th\u1ecd, P. An Kh\u00e1nh, TP.HCM;<\/h5>\n<h5>11.\u202fGalaxy Parc Mall &#8211; L\u1ea7u 4, TTTM Parc Mall &#8211; 547-549 T\u1ea1 Quang B\u1eedu, P. Ch\u00e1nh H\u01b0ng, TP.HCM;<\/h5>\n<h5>12. Galaxy Cnineplus &#8211; Thiso Phan Huy \u00cdch &#8211; L\u1ea7u 4, TTTM Thiso Mall Tr\u01b0\u1eddng Chinh &#8211; Phan Huy \u00cdch &#8211; 385 Phan Huy \u00cdch, P. An H\u1ed9i T\u00e2y, TP.HCM<\/h5>\n<h4><strong>+ Khu v\u1ef1c mi\u1ec1n T\u00e2y Nam B\u1ed9:\u00a0<\/strong><\/h4>\n<h5>13.\u202fGalaxy B\u1ebfn Tre\u202f- L\u1ea7u 1, TTTM Sense City B\u1ebfn Tre &#8211; S\u1ed1 26A Tr\u1ea7n Qu\u1ed1c Tu\u1ea5n, P. An H\u1ed9i, T\u1ec9nh V\u0129nh Long;<\/h5>\n<h5>14.\u202fGalaxy C\u00e0 Mau\u202f-\u202fL\u1ea7u 2, TTTM Co.opmart C\u00e0 Mau &#8211; S\u1ed1 09 Tr\u1ea7n H\u01b0ng \u0110\u1ea1o, P. T\u00e2n Th\u00e0nh, T\u1ec9nh C\u00e0 Mau;<\/h5>\n<h5>15.\u202fGalaxy Long Xuy\u00ean\u202f- L\u1ea7u 1, TTTM Nguy\u1ec5n Kim &#8211; S\u1ed1 01 Tr\u1ea7n H\u01b0ng \u0110\u1ea1o, P. Long Xuy\u00ean, T\u1ec9nh An Giang;<\/h5>\n<h4><strong>+ Khu v\u1ef1c mi\u1ec1n \u0110\u00f4ng:<\/strong><\/h4>\n<h5>16.\u202fGalaxy Go! Mall B\u00e0 R\u1ecba\u202f- L\u1ea7u 3, TTTM GO! Mall B\u00e0 R\u1ecba &#8211; S\u1ed1 2A Nguy\u1ec5n \u0110\u00ecnh Chi\u1ec3u, P. B\u00e0 R\u1ecba, TP.HCM;<\/h5>\n<h4><strong>+ Khu v\u1ef1c mi\u1ec1n Trung &amp; T\u00e2y Nguy\u00ean:\u00a0<\/strong><\/h4>\n<h5>17.\u202fGalaxy Bu\u00f4n Ma Thu\u1ed9t\u202f- TTTM Co.opmart Bu\u00f4n Ma Thu\u1ed9t &#8211; 71 Nguy\u1ec5n T\u1ea5t Th\u00e0nh, P. T\u00e2n An, T\u1ec9nh \u0110\u1eafk L\u1eafk;<\/h5>\n<h5>18.\u202fGalaxy \u0110\u00e0 N\u1eb5ng\u202f- L\u1ea7u 3, TTTM Co.opmart \u0110\u00e0 N\u1eb5ng &#8211; 478 \u0110i\u1ec7n Bi\u00ean Ph\u1ee7, P. Thanh Kh\u00ea, TP. \u0110\u00e0 N\u1eb5ng;<\/h5>\n<h5>19.\u202fGalaxy Vinh\u202f-\u202fL\u1ea7u 5 &#8211; 6, T\u00f2a nh\u00e0 City HUD &#8211; S\u1ed1 01 L\u00ea H\u1ed3ng Phong, P. Th\u00e0nh Vinh, T\u1ec9nh Ngh\u1ec7 An;<\/h5>\n<h5>20.\u202fGalaxy Nha Trang\u202f- L\u1ea7u 3, TTTM Nha Trang Center &#8211; S\u1ed1 20 Tr\u1ea7n Ph\u00fa, P. Nha Trang, T\u1ec9nh Kh\u00e1nh H\u00f2a;<\/h5>\n<h5>21.\u202fGalaxy Hu\u1ebf &#8211; L\u1ea7u 4, TTTM AEON Mall Hu\u1ebf, S\u1ed1 8 \u0110\u01b0\u1eddng V\u00f5 Nguy\u00ean Gi\u00e1p, P. An C\u1ef1u, TP.Hu\u1ebf;<\/h5>\n<h4><strong>+ Khu v\u1ef1c mi\u1ec1n B\u1eafc:\u00a0<\/strong><\/h4>\n<h5>22.\u202fGalaxy Mipec H\u00e0 N\u1ed9i\u202f- L\u1ea7u 6, Mipec Riverside Long Bi\u00ean, s\u1ed1 2 Long Bi\u00ean, P. B\u1ed3 \u0110\u1ec1, TP. H\u00e0 N\u1ed9i;<\/h5>\n<h5>23. Galaxy H\u1ea3i Ph\u00f2ng\u202f- L\u1ea7u 7, TTTM Nguy\u1ec5n Kim &#8211; 104 L\u01b0\u01a1ng Kh\u00e1nh Thi\u1ec7n, P. Gia Vi\u00ean, TP. H\u1ea3i Ph\u00f2ng;<\/h5>\n<h5>24. Galaxy Cinex Hanoi Centre &#8211; L\u1ea7u 3, TTTM Hanoi Centre, s\u1ed1 175 Nguy\u1ec5n Th\u00e1i H\u1ecdc, P. \u00d4 Ch\u1ee3 D\u1eeba, TP. H\u00e0 N\u1ed9i;<\/h5>\n<h5>\u2026 V\u00e0 nhi\u1ec1u c\u1ee5m r\u1ea1p kh\u00e1c \u0111ang trong giai \u0111o\u1ea1n ho\u00e0n t\u1ea5t chu\u1ea9n b\u1ecb khai tr\u01b0\u01a1ng.<\/h5>\n\n\t\t<\/div>\n\t<\/div>\n<\/div><\/div><\/div><\/div><\/div><\/div>\n<\/section>","protected":false},"excerpt":{"rendered":"Email: tuyendung@galaxystudio.vn S\u1ed1 \u0111i\u1ec7n tho\u1ea1i C\u00f4ng Ty : 028.3933.3303 _ V\u0103n ph\u00f2ng H\u1ed3 Ch\u00ed Minh: 3\/9 \u0110\u01b0\u1eddng V\u00f5 V\u0103n T\u1ea7n, P. Xu\u00e2n H\u00f2a, TP. H\u1ed3 Ch\u00ed Minh. _ V\u0103n ph\u00f2ng H\u00e0 N\u1ed9i: L\u1ea7u\u00a05, s\u1ed1 23 ph\u1ed1 Phan Chu Trinh, Ph\u01b0\u1eddng C\u1eeda Nam, H\u00e0 N\u1ed9i. _ H\u1ec7 th\u1ed1ng c\u00e1c r\u1ea1p:\u00a0 + Khu v\u1ef1c H\u1ed3 Ch\u00ed Minh:\u00a0 [...]","protected":false},"author":1,"featured_media":0,"parent":0,"menu_order":9,"comment_status":"closed","ping_status":"closed","template":"page-templates\/full-width-page.php","meta":{"footnotes":""},"_links":{"self":[{"href":"https:\/\/tuyendung-daotao.galaxystudio.vn\/en\/wp-json\/wp\/v2\/pages\/5744"}],"collection":[{"href":"https:\/\/tuyendung-daotao.galaxystudio.vn\/en\/wp-json\/wp\/v2\/pages"}],"about":[{"href":"https:\/\/tuyendung-daotao.galaxystudio.vn\/en\/wp-json\/wp\/v2\/types\/page"}],"author":[{"embeddable":true,"href":"https:\/\/tuyendung-daotao.galaxystudio.vn\/en\/wp-json\/wp\/v2\/users\/1"}],"replies":[{"embeddable":true,"href":"https:\/\/tuyendung-daotao.galaxystudio.vn\/en\/wp-json\/wp\/v2\/comments?post=5744"}],"version-history":[{"count":25,"href":"https:\/\/tuyendung-daotao.galaxystudio.vn\/en\/wp-json\/wp\/v2\/pages\/5744\/revisions"}],"predecessor-version":[{"id":6538,"href":"https:\/\/tuyendung-daotao.galaxystudio.vn\/en\/wp-json\/wp\/v2\/pages\/5744\/revisions\/6538"}],"wp:attachment":[{"href":"https:\/\/tuyendung-daotao.galaxystudio.vn\/en\/wp-json\/wp\/v2\/media?parent=5744"}],"curies":[{"name":"wp","href":"https:\/\/api.w.org\/{rel}","templated":true}]}}