{"id":5370,"date":"2024-02-05T13:31:24","date_gmt":"2024-02-05T06:31:24","guid":{"rendered":"https:\/\/tuyendung-daotao.galaxystudio.vn\/?page_id=5370"},"modified":"2025-08-24T01:27:51","modified_gmt":"2025-08-23T18:27:51","slug":"cinema-jobs","status":"publish","type":"page","link":"https:\/\/tuyendung-daotao.galaxystudio.vn\/en\/cinema-jobs\/","title":{"rendered":"Cinema Jobs"},"content":{"rendered":"<section class=\"wpb-content-wrapper\"><div class=\"vc_row wpb_row vc_row-fluid\"><div class=\"wpb_column vc_column_container vc_col-sm-12\"><div class=\"vc_column-inner\"><div class=\"wpb_wrapper\"><div class=\"iwj-content-inner\">\r\n\t<div id=\"iwajax-load\">\r\n\t\t<div class=\"iwj-jobs iwj-listing iwj-jobs-listing-term iwj-jobs-listing-term1\">\r\n\t\t\t<div class=\"iwj-job-items style1\">\r\n\t\t\t\t<div class=\"grid-content\" data-id=\"5355\">\r\n    <div class=\"job-item featured-item\">\r\n                            <div class=\"job-info no-logo\">\r\n                        <h3 class=\"job-title\">\r\n                            <a href=\"https:\/\/tuyendung-daotao.galaxystudio.vn\/en\/job\/cong-tac-vien-phuc-vu-ban-thoi-gian\/\">C\u1ed8NG T\u00c1C VI\u00caN PH\u1ee4C V\u1ee4 B\u00c1N TH\u1edcI GIAN (Guest Service Part-time)<\/a>\r\n                        <\/h3>\r\n\r\n                        <div><\/div>\r\n                        <div class=\"info-company\">\r\n                                                                                                                    <div class=\"address\">\r\n                                    <i class=\"ion-android-pin\"><\/i><a href=\"https:\/\/tuyendung-daotao.galaxystudio.vn\/en\/location\/location\/\"><span>To\u00e0n Qu\u1ed1c<\/span><\/a>                                <\/div>\r\n                                                                                        <div class=\"time-ago\"><i class=\"fa fa-calendar theme-color\"><\/i>2 years ago<\/div>\r\n                                                    <\/div>\r\n\r\n                        <div class=\"job-type part-time\">\r\n                                                            <a class=\"type-name\" href=\"https:\/\/tuyendung-daotao.galaxystudio.vn\/en\/type\/part-time\/\" style=\"color: #81d742; border-color: #81d742; background-color: #81d742\">Part-time<\/a>\r\n                                                                                        <button class=\"save-job\" data-toggle=\"modal\" data-target=\"#iwj-login-popup\">\r\n                                    <i class=\"fa fa-heart\"><\/i><\/button>\r\n                                                                                <\/div>\r\n                    <\/div>\r\n                    <div class=\"iwj-featured\"><\/div>\r\n    <\/div>\r\n<\/div>\r\n\r\n<div class=\"grid-content\" data-id=\"5619\">\r\n    <div class=\"job-item featured-item\">\r\n                            <div class=\"job-info no-logo\">\r\n                        <h3 class=\"job-title\">\r\n                            <a href=\"https:\/\/tuyendung-daotao.galaxystudio.vn\/en\/job\/giam-sat-hoat-dong-rap-chieu-phim-cinema-operation-suppervisor-hue\/\">Gi\u00e1m s\u00e1t ho\u1ea1t \u0111\u1ed9ng r\u1ea1p chi\u1ebfu phim (Cinema Operation Suppervisor) &#8211; Galaxy Aeon Mall Hu\u1ebf<\/a>\r\n                        <\/h3>\r\n\r\n                        <div><\/div>\r\n                        <div class=\"info-company\">\r\n                                                                                                                    <div class=\"address\">\r\n                                    <i class=\"ion-android-pin\"><\/i><a href=\"https:\/\/tuyendung-daotao.galaxystudio.vn\/en\/location\/hue\/\"><span>Hu\u1ebf<\/span><\/a>                                <\/div>\r\n                                                                                        <div class=\"time-ago\"><i class=\"fa fa-calendar theme-color\"><\/i>2 weeks ago<\/div>\r\n                                                    <\/div>\r\n\r\n                        <div class=\"job-type full-time\">\r\n                                                            <a class=\"type-name\" href=\"https:\/\/tuyendung-daotao.galaxystudio.vn\/en\/type\/full-time\/\" style=\"color: #dd9933; border-color: #dd9933; background-color: #dd9933\">Full-Time<\/a>\r\n                                                                                        <button class=\"save-job\" data-toggle=\"modal\" data-target=\"#iwj-login-popup\">\r\n                                    <i class=\"fa fa-heart\"><\/i><\/button>\r\n                                                                                <\/div>\r\n                    <\/div>\r\n                    <div class=\"iwj-featured\"><\/div>\r\n    <\/div>\r\n<\/div>\r\n\r\n<div class=\"grid-content\" data-id=\"6523\">\r\n    <div class=\"job-item featured-item\">\r\n                            <div class=\"job-info no-logo\">\r\n                        <h3 class=\"job-title\">\r\n                            <a href=\"https:\/\/tuyendung-daotao.galaxystudio.vn\/en\/job\/giam-sat-hoat-dong-rap-chieu-phim-cinema-operation-suppervisor-rap-galaxy-da-nang\/\">Gi\u00e1m s\u00e1t ho\u1ea1t \u0111\u1ed9ng r\u1ea1p chi\u1ebfu phim (Cinema Operation Suppervisor) \u2013 R\u1ea1p Galaxy \u0110\u00e0 N\u1eb5ng<\/a>\r\n                        <\/h3>\r\n\r\n                        <div><\/div>\r\n                        <div class=\"info-company\">\r\n                                                                                                                    <div class=\"address\">\r\n                                    <i class=\"ion-android-pin\"><\/i><a href=\"https:\/\/tuyendung-daotao.galaxystudio.vn\/en\/location\/da-nang\/\"><span>\u0110\u00e0 N\u1eb5ng<\/span><\/a>                                <\/div>\r\n                                                                                        <div class=\"time-ago\"><i class=\"fa fa-calendar theme-color\"><\/i>2 weeks ago<\/div>\r\n                                                    <\/div>\r\n\r\n                        <div class=\"job-type full-time\">\r\n                                                            <a class=\"type-name\" href=\"https:\/\/tuyendung-daotao.galaxystudio.vn\/en\/type\/full-time\/\" style=\"color: #dd9933; border-color: #dd9933; background-color: #dd9933\">Full-Time<\/a>\r\n                                                                                        <button class=\"save-job\" data-toggle=\"modal\" data-target=\"#iwj-login-popup\">\r\n                                    <i class=\"fa fa-heart\"><\/i><\/button>\r\n                                                                                <\/div>\r\n                    <\/div>\r\n                    <div class=\"iwj-featured\"><\/div>\r\n    <\/div>\r\n<\/div>\r\n\r\n\t\t\t\t<div class=\"clearfix\"><\/div>\r\n\t\t\t<\/div>\r\n\t\t\t\t\t<\/div>\r\n\t<\/div>\r\n<\/div><\/div><\/div><\/div><\/div>\n<\/section>","protected":false},"excerpt":{"rendered":"M\u00f4 t\u1ea3 c\u00f4ng vi\u1ec7c Qu\u1ea3n l\u00fd &amp; \u0111\u00e0o t\u1ea1o nghi\u1ec7p v\u1ee5 nh\u00e2n vi\u00ean Guest service; H\u1ed7 tr\u1ee3 Qu\u1ea3n L\u00fd R\u1ea1p ki\u1ec3m so\u00e1t v\u00e0 tu\u00e2n th\u1ee7 quy tr\u00ecnh ho\u1ea1t \u0111\u1ed9ng, h\u01b0\u1edbng \u0111\u1ebfn s\u1ef1 t\u0103ng tr\u01b0\u1edfng v\u00e0 ph\u00e1t tri\u1ec3n c\u1ee7a \u0111\u01a1n v\u1ecb kinh doanh \u0111\u1ea1t k\u1ebft qu\u1ea3 cao nh\u1ea5t c\u00f3 th\u1ec3; Qu\u1ea3n l\u00fd v\u1eadn h\u00e0nh qu\u1ea7y v\u00e9 [...]","protected":false},"author":1,"featured_media":0,"parent":0,"menu_order":0,"comment_status":"closed","ping_status":"closed","template":"","meta":{"footnotes":""},"_links":{"self":[{"href":"https:\/\/tuyendung-daotao.galaxystudio.vn\/en\/wp-json\/wp\/v2\/pages\/5370"}],"collection":[{"href":"https:\/\/tuyendung-daotao.galaxystudio.vn\/en\/wp-json\/wp\/v2\/pages"}],"about":[{"href":"https:\/\/tuyendung-daotao.galaxystudio.vn\/en\/wp-json\/wp\/v2\/types\/page"}],"author":[{"embeddable":true,"href":"https:\/\/tuyendung-daotao.galaxystudio.vn\/en\/wp-json\/wp\/v2\/users\/1"}],"replies":[{"embeddable":true,"href":"https:\/\/tuyendung-daotao.galaxystudio.vn\/en\/wp-json\/wp\/v2\/comments?post=5370"}],"version-history":[{"count":3,"href":"https:\/\/tuyendung-daotao.galaxystudio.vn\/en\/wp-json\/wp\/v2\/pages\/5370\/revisions"}],"predecessor-version":[{"id":6417,"href":"https:\/\/tuyendung-daotao.galaxystudio.vn\/en\/wp-json\/wp\/v2\/pages\/5370\/revisions\/6417"}],"wp:attachment":[{"href":"https:\/\/tuyendung-daotao.galaxystudio.vn\/en\/wp-json\/wp\/v2\/media?parent=5370"}],"curies":[{"name":"wp","href":"https:\/\/api.w.org\/{rel}","templated":true}]}}