{"id":5136,"date":"2023-11-30T03:52:13","date_gmt":"2023-11-30T03:52:13","guid":{"rendered":"http:\/\/recruit.galaxycine.vn\/?page_id=5136"},"modified":"2025-05-15T14:56:02","modified_gmt":"2025-05-15T07:56:02","slug":"full-times","status":"publish","type":"page","link":"https:\/\/tuyendung-daotao.galaxystudio.vn\/en\/full-times\/","title":{"rendered":"Full Time"},"content":{"rendered":"<section class=\"wpb-content-wrapper\"><div class=\"vc_row wpb_row vc_row-fluid\"><div class=\"wpb_column vc_column_container vc_col-sm-12\"><div class=\"vc_column-inner\"><div class=\"wpb_wrapper\"><div class=\"iwj-content-inner\">\r\n\t<div id=\"iwajax-load\">\r\n\t\t<div class=\"iwj-jobs iwj-listing iwj-jobs-listing-term iwj-jobs-listing-term1\">\r\n\t\t\t<div class=\"iwj-job-items style1\">\r\n\t\t\t\t<div class=\"grid-content\" data-id=\"5986\">\r\n    <div class=\"job-item featured-item\">\r\n                            <div class=\"job-info no-logo\">\r\n                        <h3 class=\"job-title\">\r\n                            <a href=\"https:\/\/tuyendung-daotao.galaxystudio.vn\/en\/job\/nhan-vien-phu-bep-commis-galaxy-hanoi-centre\/\">Nh\u00e2n vi\u00ean ph\u1ee5 B\u1ebfp (Commis) &#8211; Galaxy Hanoi Centre<\/a>\r\n                        <\/h3>\r\n\r\n                        <div><\/div>\r\n                        <div class=\"info-company\">\r\n                                                                                                                    <div class=\"address\">\r\n                                    <i class=\"ion-android-pin\"><\/i><a href=\"https:\/\/tuyendung-daotao.galaxystudio.vn\/en\/location\/ha-noi\/\"><span>H\u00e0 N\u1ed9i<\/span><\/a>                                <\/div>\r\n                                                                                        <div class=\"time-ago\"><i class=\"fa fa-calendar theme-color\"><\/i>1 week ago<\/div>\r\n                                                    <\/div>\r\n\r\n                        <div class=\"job-type full-time\">\r\n                                                            <a class=\"type-name\" href=\"https:\/\/tuyendung-daotao.galaxystudio.vn\/en\/type\/full-time\/\" style=\"color: #dd9933; border-color: #dd9933; background-color: #dd9933\">Full-Time<\/a>\r\n                                                                                        <button class=\"save-job\" data-toggle=\"modal\" data-target=\"#iwj-login-popup\">\r\n                                    <i class=\"fa fa-heart\"><\/i><\/button>\r\n                                                                                <\/div>\r\n                    <\/div>\r\n                    <div class=\"iwj-featured\"><\/div>\r\n    <\/div>\r\n<\/div>\r\n\r\n<div class=\"grid-content\" data-id=\"5619\">\r\n    <div class=\"job-item featured-item\">\r\n                            <div class=\"job-info no-logo\">\r\n                        <h3 class=\"job-title\">\r\n                            <a href=\"https:\/\/tuyendung-daotao.galaxystudio.vn\/en\/job\/giam-sat-hoat-dong-rap-chieu-phim-cinema-operation-suppervisor-hue\/\">Gi\u00e1m s\u00e1t ho\u1ea1t \u0111\u1ed9ng r\u1ea1p chi\u1ebfu phim (Cinema Operation Suppervisor) &#8211; Galaxy Aeon Mall Hu\u1ebf<\/a>\r\n                        <\/h3>\r\n\r\n                        <div><\/div>\r\n                        <div class=\"info-company\">\r\n                                                                                                                    <div class=\"address\">\r\n                                    <i class=\"ion-android-pin\"><\/i><a href=\"https:\/\/tuyendung-daotao.galaxystudio.vn\/en\/location\/hue\/\"><span>Hu\u1ebf<\/span><\/a>                                <\/div>\r\n                                                                                        <div class=\"time-ago\"><i class=\"fa fa-calendar theme-color\"><\/i>2 weeks ago<\/div>\r\n                                                    <\/div>\r\n\r\n                        <div class=\"job-type full-time\">\r\n                                                            <a class=\"type-name\" href=\"https:\/\/tuyendung-daotao.galaxystudio.vn\/en\/type\/full-time\/\" style=\"color: #dd9933; border-color: #dd9933; background-color: #dd9933\">Full-Time<\/a>\r\n                                                                                        <button class=\"save-job\" data-toggle=\"modal\" data-target=\"#iwj-login-popup\">\r\n                                    <i class=\"fa fa-heart\"><\/i><\/button>\r\n                                                                                <\/div>\r\n                    <\/div>\r\n                    <div class=\"iwj-featured\"><\/div>\r\n    <\/div>\r\n<\/div>\r\n\r\n<div class=\"grid-content\" data-id=\"6523\">\r\n    <div class=\"job-item featured-item\">\r\n                            <div class=\"job-info no-logo\">\r\n                        <h3 class=\"job-title\">\r\n                            <a href=\"https:\/\/tuyendung-daotao.galaxystudio.vn\/en\/job\/giam-sat-hoat-dong-rap-chieu-phim-cinema-operation-suppervisor-rap-galaxy-da-nang\/\">Gi\u00e1m s\u00e1t ho\u1ea1t \u0111\u1ed9ng r\u1ea1p chi\u1ebfu phim (Cinema Operation Suppervisor) \u2013 R\u1ea1p Galaxy \u0110\u00e0 N\u1eb5ng<\/a>\r\n                        <\/h3>\r\n\r\n                        <div><\/div>\r\n                        <div class=\"info-company\">\r\n                                                                                                                    <div class=\"address\">\r\n                                    <i class=\"ion-android-pin\"><\/i><a href=\"https:\/\/tuyendung-daotao.galaxystudio.vn\/en\/location\/da-nang\/\"><span>\u0110\u00e0 N\u1eb5ng<\/span><\/a>                                <\/div>\r\n                                                                                        <div class=\"time-ago\"><i class=\"fa fa-calendar theme-color\"><\/i>2 weeks ago<\/div>\r\n                                                    <\/div>\r\n\r\n                        <div class=\"job-type full-time\">\r\n                                                            <a class=\"type-name\" href=\"https:\/\/tuyendung-daotao.galaxystudio.vn\/en\/type\/full-time\/\" style=\"color: #dd9933; border-color: #dd9933; background-color: #dd9933\">Full-Time<\/a>\r\n                                                                                        <button class=\"save-job\" data-toggle=\"modal\" data-target=\"#iwj-login-popup\">\r\n                                    <i class=\"fa fa-heart\"><\/i><\/button>\r\n                                                                                <\/div>\r\n                    <\/div>\r\n                    <div class=\"iwj-featured\"><\/div>\r\n    <\/div>\r\n<\/div>\r\n\r\n<div class=\"grid-content\" data-id=\"5976\">\r\n    <div class=\"job-item\">\r\n                            <div class=\"job-info no-logo\">\r\n                        <h3 class=\"job-title\">\r\n                            <a href=\"https:\/\/tuyendung-daotao.galaxystudio.vn\/en\/job\/to-truong-pha-che-bar-captain-galaxy-hanoi-centre\/\">T\u1ed5 Tr\u01b0\u1edfng Pha Ch\u1ebf (Bar Captain) &#8211; Galaxy Hanoi Centre<\/a>\r\n                        <\/h3>\r\n\r\n                        <div><\/div>\r\n                        <div class=\"info-company\">\r\n                                                                                                                    <div class=\"address\">\r\n                                    <i class=\"ion-android-pin\"><\/i><a href=\"https:\/\/tuyendung-daotao.galaxystudio.vn\/en\/location\/ha-noi\/\"><span>H\u00e0 N\u1ed9i<\/span><\/a>                                <\/div>\r\n                                                                                        <div class=\"time-ago\"><i class=\"fa fa-calendar theme-color\"><\/i>3 weeks ago<\/div>\r\n                                                    <\/div>\r\n\r\n                        <div class=\"job-type full-time\">\r\n                                                            <a class=\"type-name\" href=\"https:\/\/tuyendung-daotao.galaxystudio.vn\/en\/type\/full-time\/\" style=\"color: #dd9933; border-color: #dd9933; background-color: #dd9933\">Full-Time<\/a>\r\n                                                                                        <button class=\"save-job\" data-toggle=\"modal\" data-target=\"#iwj-login-popup\">\r\n                                    <i class=\"fa fa-heart\"><\/i><\/button>\r\n                                                                                <\/div>\r\n                    <\/div>\r\n                    \r\n    <\/div>\r\n<\/div>\r\n\r\n<div class=\"grid-content\" data-id=\"5981\">\r\n    <div class=\"job-item\">\r\n                            <div class=\"job-info no-logo\">\r\n                        <h3 class=\"job-title\">\r\n                            <a href=\"https:\/\/tuyendung-daotao.galaxystudio.vn\/en\/job\/phu-bep-chinh-demi-chef-galaxy-hanoi-centre\/\">Ph\u1ee5 b\u1ebfp ch\u00ednh (Demi Chef) &#8211; Galaxy Hanoi Centre<\/a>\r\n                        <\/h3>\r\n\r\n                        <div><\/div>\r\n                        <div class=\"info-company\">\r\n                                                                                                                    <div class=\"address\">\r\n                                    <i class=\"ion-android-pin\"><\/i><a href=\"https:\/\/tuyendung-daotao.galaxystudio.vn\/en\/location\/ha-noi\/\"><span>H\u00e0 N\u1ed9i<\/span><\/a>                                <\/div>\r\n                                                                                        <div class=\"time-ago\"><i class=\"fa fa-calendar theme-color\"><\/i>3 weeks ago<\/div>\r\n                                                    <\/div>\r\n\r\n                        <div class=\"job-type full-time\">\r\n                                                            <a class=\"type-name\" href=\"https:\/\/tuyendung-daotao.galaxystudio.vn\/en\/type\/full-time\/\" style=\"color: #dd9933; border-color: #dd9933; background-color: #dd9933\">Full-Time<\/a>\r\n                                                                                        <button class=\"save-job\" data-toggle=\"modal\" data-target=\"#iwj-login-popup\">\r\n                                    <i class=\"fa fa-heart\"><\/i><\/button>\r\n                                                                                <\/div>\r\n                    <\/div>\r\n                    \r\n    <\/div>\r\n<\/div>\r\n\r\n<div class=\"grid-content\" data-id=\"5977\">\r\n    <div class=\"job-item\">\r\n                            <div class=\"job-info no-logo\">\r\n                        <h3 class=\"job-title\">\r\n                            <a href=\"https:\/\/tuyendung-daotao.galaxystudio.vn\/en\/job\/bep-chinh-chef-de-partie-galaxy-hanoi-center\/\">B\u1ebfp ch\u00ednh (Chef De Partie) &#8211; Galaxy Hanoi Center<\/a>\r\n                        <\/h3>\r\n\r\n                        <div><\/div>\r\n                        <div class=\"info-company\">\r\n                                                                                                                    <div class=\"address\">\r\n                                    <i class=\"ion-android-pin\"><\/i><a href=\"https:\/\/tuyendung-daotao.galaxystudio.vn\/en\/location\/ha-noi\/\"><span>H\u00e0 N\u1ed9i<\/span><\/a>                                <\/div>\r\n                                                                                        <div class=\"time-ago\"><i class=\"fa fa-calendar theme-color\"><\/i>3 weeks ago<\/div>\r\n                                                    <\/div>\r\n\r\n                        <div class=\"job-type full-time\">\r\n                                                            <a class=\"type-name\" href=\"https:\/\/tuyendung-daotao.galaxystudio.vn\/en\/type\/full-time\/\" style=\"color: #dd9933; border-color: #dd9933; background-color: #dd9933\">Full-Time<\/a>\r\n                                                                                        <button class=\"save-job\" data-toggle=\"modal\" data-target=\"#iwj-login-popup\">\r\n                                    <i class=\"fa fa-heart\"><\/i><\/button>\r\n                                                                                <\/div>\r\n                    <\/div>\r\n                    \r\n    <\/div>\r\n<\/div>\r\n\r\n<div class=\"grid-content\" data-id=\"8203\">\r\n    <div class=\"job-item\">\r\n                            <div class=\"job-info no-logo\">\r\n                        <h3 class=\"job-title\">\r\n                            <a href=\"https:\/\/tuyendung-daotao.galaxystudio.vn\/en\/job\/nhan-vien-pha-che-thuc-uong-khong-con-barista-part-time-galaxy-cinex-hanoi-centre\/\">Nh\u00e2n vi\u00ean Pha ch\u1ebf Th\u1ee9c u\u1ed1ng kh\u00f4ng c\u1ed3n (Barista Part-time) &#8211; Galaxy CineX Hanoi Centre<\/a>\r\n                        <\/h3>\r\n\r\n                        <div><\/div>\r\n                        <div class=\"info-company\">\r\n                                                                                                                    <div class=\"address\">\r\n                                    <i class=\"ion-android-pin\"><\/i><a href=\"https:\/\/tuyendung-daotao.galaxystudio.vn\/en\/location\/ha-noi\/\"><span>H\u00e0 N\u1ed9i<\/span><\/a>                                <\/div>\r\n                                                                                        <div class=\"time-ago\"><i class=\"fa fa-calendar theme-color\"><\/i>3 weeks ago<\/div>\r\n                                                    <\/div>\r\n\r\n                        <div class=\"job-type part-time\">\r\n                                                            <a class=\"type-name\" href=\"https:\/\/tuyendung-daotao.galaxystudio.vn\/en\/type\/part-time\/\" style=\"color: #81d742; border-color: #81d742; background-color: #81d742\">Part-time<\/a>\r\n                                                                                        <button class=\"save-job\" data-toggle=\"modal\" data-target=\"#iwj-login-popup\">\r\n                                    <i class=\"fa fa-heart\"><\/i><\/button>\r\n                                                                                <\/div>\r\n                    <\/div>\r\n                    \r\n    <\/div>\r\n<\/div>\r\n\r\n\t\t\t\t<div class=\"clearfix\"><\/div>\r\n\t\t\t<\/div>\r\n\t\t\t\t\t<\/div>\r\n\t<\/div>\r\n<\/div><\/div><\/div><\/div><\/div>\n<\/section>","protected":false},"excerpt":{"rendered":"M\u00f4 t\u1ea3 c\u00f4ng vi\u1ec7c chi ti\u1ebft v\u00e0 Tr\u00e1ch nhi\u1ec7m:&nbsp; Ch\u00e0o \u0111\u00f3n kh\u00e1ch h\u00e0ng \u0111\u1ebfn v\u00e0 cung c\u1ea5p tr\u1ea3i nghi\u1ec7m d\u1ecbch v\u1ee5 tuy\u1ec7t v\u1eddi cho kh\u00e1ch h\u00e0ng.&nbsp;&nbsp; \u0110\u01b0a ra l\u1eddi khuy\u00ean, \u0111\u1ec1 xu\u1ea5t c\u1ee7a chuy\u00ean gia pha ch\u1ebf, c\u0169ng nh\u01b0 gi\u1ea3i \u0111\u00e1p c\u00e1c th\u1eafc m\u1eafc v\u1ec1 c\u00e0 ph\u00ea v\u00e0 c\u00e1c \u0111\u1ed3 u\u1ed1ng kh\u00f4ng c\u1ed3n kh\u00e1c.&nbsp; Ch\u1ee7 [...]","protected":false},"author":1,"featured_media":0,"parent":0,"menu_order":0,"comment_status":"closed","ping_status":"closed","template":"","meta":{"footnotes":""},"_links":{"self":[{"href":"https:\/\/tuyendung-daotao.galaxystudio.vn\/en\/wp-json\/wp\/v2\/pages\/5136"}],"collection":[{"href":"https:\/\/tuyendung-daotao.galaxystudio.vn\/en\/wp-json\/wp\/v2\/pages"}],"about":[{"href":"https:\/\/tuyendung-daotao.galaxystudio.vn\/en\/wp-json\/wp\/v2\/types\/page"}],"author":[{"embeddable":true,"href":"https:\/\/tuyendung-daotao.galaxystudio.vn\/en\/wp-json\/wp\/v2\/users\/1"}],"replies":[{"embeddable":true,"href":"https:\/\/tuyendung-daotao.galaxystudio.vn\/en\/wp-json\/wp\/v2\/comments?post=5136"}],"version-history":[{"count":8,"href":"https:\/\/tuyendung-daotao.galaxystudio.vn\/en\/wp-json\/wp\/v2\/pages\/5136\/revisions"}],"predecessor-version":[{"id":6243,"href":"https:\/\/tuyendung-daotao.galaxystudio.vn\/en\/wp-json\/wp\/v2\/pages\/5136\/revisions\/6243"}],"wp:attachment":[{"href":"https:\/\/tuyendung-daotao.galaxystudio.vn\/en\/wp-json\/wp\/v2\/media?parent=5136"}],"curies":[{"name":"wp","href":"https:\/\/api.w.org\/{rel}","templated":true}]}}